{"id":739,"date":"2024-06-26T16:48:03","date_gmt":"2024-06-26T14:48:03","guid":{"rendered":"https:\/\/moncarrebois.fr\/?post_type=product&#038;p=739"},"modified":"2025-01-06T09:28:32","modified_gmt":"2025-01-06T08:28:32","slug":"tasseaux","status":"publish","type":"product","link":"https:\/\/moncarrebois.fr\/en\/product\/tasseaux\/","title":{"rendered":"Tasseaux"},"content":{"rendered":"","protected":false},"excerpt":{"rendered":"<p>Un motif g\u00e9om\u00e9trique ultra-moderne pour amener une touche contemporaine \u00e0 votre int\u00e9rieur<\/p>","protected":false},"featured_media":3861,"template":"","meta":{"_acf_changed":false},"product_cat":[15],"product_tag":[],"class_list":{"0":"post-739","1":"product","2":"type-product","3":"status-publish","4":"has-post-thumbnail","6":"product_cat-mon-carre-bois","8":"first","9":"instock","10":"shipping-taxable","11":"purchasable","12":"product-type-variable","13":"has-default-attributes"},"acf":[],"_links":{"self":[{"href":"https:\/\/moncarrebois.fr\/en\/wp-json\/wp\/v2\/product\/739","targetHints":{"allow":["GET"]}}],"collection":[{"href":"https:\/\/moncarrebois.fr\/en\/wp-json\/wp\/v2\/product"}],"about":[{"href":"https:\/\/moncarrebois.fr\/en\/wp-json\/wp\/v2\/types\/product"}],"version-history":[{"count":1,"href":"https:\/\/moncarrebois.fr\/en\/wp-json\/wp\/v2\/product\/739\/revisions"}],"predecessor-version":[{"id":3932,"href":"https:\/\/moncarrebois.fr\/en\/wp-json\/wp\/v2\/product\/739\/revisions\/3932"}],"wp:featuredmedia":[{"embeddable":true,"href":"https:\/\/moncarrebois.fr\/en\/wp-json\/wp\/v2\/media\/3861"}],"wp:attachment":[{"href":"https:\/\/moncarrebois.fr\/en\/wp-json\/wp\/v2\/media?parent=739"}],"wp:term":[{"taxonomy":"product_cat","embeddable":true,"href":"https:\/\/moncarrebois.fr\/en\/wp-json\/wp\/v2\/product_cat?post=739"},{"taxonomy":"product_tag","embeddable":true,"href":"https:\/\/moncarrebois.fr\/en\/wp-json\/wp\/v2\/product_tag?post=739"}],"curies":[{"name":"wp","href":"https:\/\/api.w.org\/{rel}","templated":true}]}}