{"id":1658,"date":"2024-07-09T17:25:34","date_gmt":"2024-07-09T15:25:34","guid":{"rendered":"https:\/\/moncarrebois.fr\/?post_type=product&#038;p=1658"},"modified":"2024-07-11T10:27:54","modified_gmt":"2024-07-11T08:27:54","slug":"chevrons","status":"publish","type":"product","link":"https:\/\/moncarrebois.fr\/en\/product\/chevrons\/","title":{"rendered":"Chevrons"},"content":{"rendered":"","protected":false},"excerpt":{"rendered":"<p>Un motif g\u00e9om\u00e9trique ultra-moderne pour amener une touche contemporaine \u00e0 votre int\u00e9rieur<\/p>","protected":false},"featured_media":1680,"template":"","meta":{"_acf_changed":false},"product_cat":[15],"product_tag":[],"class_list":{"0":"post-1658","1":"product","2":"type-product","3":"status-publish","4":"has-post-thumbnail","6":"product_cat-mon-carre-bois","8":"first","9":"instock","10":"shipping-taxable","11":"purchasable","12":"product-type-variable","13":"has-default-attributes"},"acf":[],"_links":{"self":[{"href":"https:\/\/moncarrebois.fr\/en\/wp-json\/wp\/v2\/product\/1658","targetHints":{"allow":["GET"]}}],"collection":[{"href":"https:\/\/moncarrebois.fr\/en\/wp-json\/wp\/v2\/product"}],"about":[{"href":"https:\/\/moncarrebois.fr\/en\/wp-json\/wp\/v2\/types\/product"}],"version-history":[{"count":0,"href":"https:\/\/moncarrebois.fr\/en\/wp-json\/wp\/v2\/product\/1658\/revisions"}],"wp:featuredmedia":[{"embeddable":true,"href":"https:\/\/moncarrebois.fr\/en\/wp-json\/wp\/v2\/media\/1680"}],"wp:attachment":[{"href":"https:\/\/moncarrebois.fr\/en\/wp-json\/wp\/v2\/media?parent=1658"}],"wp:term":[{"taxonomy":"product_cat","embeddable":true,"href":"https:\/\/moncarrebois.fr\/en\/wp-json\/wp\/v2\/product_cat?post=1658"},{"taxonomy":"product_tag","embeddable":true,"href":"https:\/\/moncarrebois.fr\/en\/wp-json\/wp\/v2\/product_tag?post=1658"}],"curies":[{"name":"wp","href":"https:\/\/api.w.org\/{rel}","templated":true}]}}