{"id":98,"date":"2024-05-07T15:29:47","date_gmt":"2024-05-07T13:29:47","guid":{"rendered":"https:\/\/moncarrebois.fr\/?page_id=98"},"modified":"2024-09-03T18:16:05","modified_gmt":"2024-09-03T16:16:05","slug":"blog","status":"publish","type":"page","link":"https:\/\/moncarrebois.fr\/en\/blog\/","title":{"rendered":"Blog"},"content":{"rendered":"<div data-elementor-type=\"wp-page\" data-elementor-id=\"98\" class=\"elementor elementor-98\" data-elementor-post-type=\"page\">\n\t\t\t\t<div data-particle_enable=\"false\" data-particle-mobile-disabled=\"false\" class=\"elementor-element elementor-element-4a9b40b e-con-full e-flex e-con e-parent\" data-id=\"4a9b40b\" data-element_type=\"container\">\n\t\t\t\t<div class=\"elementor-element elementor-element-45ef6a2 elementor-widget elementor-widget-heading\" data-id=\"45ef6a2\" data-element_type=\"widget\" data-widget_type=\"heading.default\">\n\t\t\t\t<div class=\"elementor-widget-container\">\n\t\t\t<style>\/*! elementor - v3.22.0 - 17-06-2024 *\/\n.elementor-heading-title{padding:0;margin:0;line-height:1}.elementor-widget-heading .elementor-heading-title[class*=elementor-size-]>a{color:inherit;font-size:inherit;line-height:inherit}.elementor-widget-heading .elementor-heading-title.elementor-size-small{font-size:15px}.elementor-widget-heading .elementor-heading-title.elementor-size-medium{font-size:19px}.elementor-widget-heading .elementor-heading-title.elementor-size-large{font-size:29px}.elementor-widget-heading .elementor-heading-title.elementor-size-xl{font-size:39px}.elementor-widget-heading .elementor-heading-title.elementor-size-xxl{font-size:59px}<\/style><h2 class=\"elementor-heading-title elementor-size-default\">Blog<\/h2>\t\t<\/div>\n\t\t\t\t<\/div>\n\t\t\t\t<div class=\"elementor-element elementor-element-024d717 elementor-widget elementor-widget-text-editor\" data-id=\"024d717\" data-element_type=\"widget\" data-widget_type=\"text-editor.default\">\n\t\t\t\t<div class=\"elementor-widget-container\">\n\t\t\t<style>\/*! elementor - v3.22.0 - 17-06-2024 *\/\n.elementor-widget-text-editor.elementor-drop-cap-view-stacked .elementor-drop-cap{background-color:#69727d;color:#fff}.elementor-widget-text-editor.elementor-drop-cap-view-framed .elementor-drop-cap{color:#69727d;border:3px solid;background-color:transparent}.elementor-widget-text-editor:not(.elementor-drop-cap-view-default) .elementor-drop-cap{margin-top:8px}.elementor-widget-text-editor:not(.elementor-drop-cap-view-default) .elementor-drop-cap-letter{width:1em;height:1em}.elementor-widget-text-editor .elementor-drop-cap{float:left;text-align:center;line-height:1;font-size:50px}.elementor-widget-text-editor .elementor-drop-cap-letter{display:inline-block}<\/style>\t\t\t\t<p>D\u00e9couvrez nos articles pour des id\u00e9es innovantes et des conseils pratiques.<\/p>\t\t\t\t\t\t<\/div>\n\t\t\t\t<\/div>\n\t\t\t\t<\/div>\n\t\t<div data-particle_enable=\"false\" data-particle-mobile-disabled=\"false\" class=\"elementor-element elementor-element-c16ea89 e-flex e-con-boxed e-con e-parent\" data-id=\"c16ea89\" data-element_type=\"container\">\n\t\t\t\t\t<div class=\"e-con-inner\">\n\t\t\t\t<div class=\"elementor-element elementor-element-8e3f367 elementor-grid-eael-col-3 e-transform elementor-grid-laptop-eael-col-2 elementor-grid-tablet-eael-col-2 elementor-grid-mobile-eael-col-1 elementor-widget elementor-widget-eael-post-grid\" data-id=\"8e3f367\" data-element_type=\"widget\" data-settings=\"{&quot;eael_post_grid_columns&quot;:&quot;eael-col-3&quot;,&quot;eael_post_grid_columns_laptop&quot;:&quot;eael-col-2&quot;,&quot;eael_post_grid_columns_tablet&quot;:&quot;eael-col-2&quot;,&quot;eael_post_grid_columns_mobile&quot;:&quot;eael-col-1&quot;,&quot;_transform_scaleX_effect&quot;:{&quot;unit&quot;:&quot;px&quot;,&quot;size&quot;:&quot;&quot;,&quot;sizes&quot;:[]},&quot;_transform_scaleX_effect_widescreen&quot;:{&quot;unit&quot;:&quot;px&quot;,&quot;size&quot;:&quot;&quot;,&quot;sizes&quot;:[]},&quot;_transform_scaleX_effect_laptop&quot;:{&quot;unit&quot;:&quot;px&quot;,&quot;size&quot;:&quot;&quot;,&quot;sizes&quot;:[]},&quot;_transform_scaleX_effect_tablet_extra&quot;:{&quot;unit&quot;:&quot;px&quot;,&quot;size&quot;:&quot;&quot;,&quot;sizes&quot;:[]},&quot;_transform_scaleX_effect_tablet&quot;:{&quot;unit&quot;:&quot;px&quot;,&quot;size&quot;:&quot;&quot;,&quot;sizes&quot;:[]},&quot;_transform_scaleX_effect_mobile&quot;:{&quot;unit&quot;:&quot;px&quot;,&quot;size&quot;:&quot;&quot;,&quot;sizes&quot;:[]},&quot;_transform_scaleY_effect&quot;:{&quot;unit&quot;:&quot;px&quot;,&quot;size&quot;:&quot;&quot;,&quot;sizes&quot;:[]},&quot;_transform_scaleY_effect_widescreen&quot;:{&quot;unit&quot;:&quot;px&quot;,&quot;size&quot;:&quot;&quot;,&quot;sizes&quot;:[]},&quot;_transform_scaleY_effect_laptop&quot;:{&quot;unit&quot;:&quot;px&quot;,&quot;size&quot;:&quot;&quot;,&quot;sizes&quot;:[]},&quot;_transform_scaleY_effect_tablet_extra&quot;:{&quot;unit&quot;:&quot;px&quot;,&quot;size&quot;:&quot;&quot;,&quot;sizes&quot;:[]},&quot;_transform_scaleY_effect_tablet&quot;:{&quot;unit&quot;:&quot;px&quot;,&quot;size&quot;:&quot;&quot;,&quot;sizes&quot;:[]},&quot;_transform_scaleY_effect_mobile&quot;:{&quot;unit&quot;:&quot;px&quot;,&quot;size&quot;:&quot;&quot;,&quot;sizes&quot;:[]}}\" data-widget_type=\"eael-post-grid.default\">\n\t\t\t\t<div class=\"elementor-widget-container\">\n\t\t\t<div id=\"eael-post-grid-8e3f367\" class=\"eael-post-grid-container\">\n            <div class=\"eael-post-grid eael-post-appender eael-post-appender-8e3f367 eael-post-grid-style-two\" data-layout-mode=\"masonry\"><article class=\"eael-grid-post eael-post-grid-column\" data-id=\"2439\">\n        <div class=\"eael-grid-post-holder\">\n            <div class=\"eael-grid-post-holder-inner\"><div class=\"eael-entry-media\"><div class=\"eael-entry-overlay fade-in\"><i class=\"\" aria-hidden=\"true\"><\/i><a href=\"https:\/\/moncarrebois.fr\/en\/integrer-harmonieusement-les-panneaux-dans-votre-decor-copy\/\"><\/a><\/div><div class=\"eael-entry-thumbnail\">\n                                <img fetchpriority=\"high\" decoding=\"async\" width=\"300\" height=\"180\" src=\"https:\/\/moncarrebois.fr\/wp-content\/uploads\/2024\/05\/AdobeStock_284644676-300x180.jpeg\" class=\"attachment-medium size-medium wp-image-284\" alt=\"\" srcset=\"https:\/\/moncarrebois.fr\/wp-content\/uploads\/2024\/05\/AdobeStock_284644676-300x180.jpeg 300w, https:\/\/moncarrebois.fr\/wp-content\/uploads\/2024\/05\/AdobeStock_284644676-scaled-600x360.jpeg 600w, https:\/\/moncarrebois.fr\/wp-content\/uploads\/2024\/05\/AdobeStock_284644676-1024x614.jpeg 1024w, https:\/\/moncarrebois.fr\/wp-content\/uploads\/2024\/05\/AdobeStock_284644676-768x461.jpeg 768w, https:\/\/moncarrebois.fr\/wp-content\/uploads\/2024\/05\/AdobeStock_284644676-1536x922.jpeg 1536w, https:\/\/moncarrebois.fr\/wp-content\/uploads\/2024\/05\/AdobeStock_284644676-2048x1229.jpeg 2048w\" sizes=\"(max-width: 300px) 100vw, 300px\" \/>\n                              <\/div>\n                      <\/div><div class=\"eael-entry-wrapper\"><header class=\"eael-entry-header\"><h2 class=\"eael-entry-title\"><a\n                                    class=\"eael-grid-post-link\"\n                                    href=\"https:\/\/moncarrebois.fr\/en\/integrer-harmonieusement-les-panneaux-dans-votre-decor-copy\/\"\n                                    title=\"Int\u00e9grer harmonieusement les panneaux dans Votre D\u00e9cor &#8211; Copy\">Int\u00e9grer harmonieusement les panneaux dans Votre D\u00e9cor &#8211; Copy<\/a><\/h2><\/header><div class=\"eael-entry-content\">\n                                    <div class=\"eael-grid-post-excerpt\"><p>Lorem ipsum dolor sit amet, consectetur adipiscing elit. Proin augue...<\/p><a\n                                        href=\"https:\/\/moncarrebois.fr\/en\/integrer-harmonieusement-les-panneaux-dans-votre-decor-copy\/\"\n                                        class=\"eael-post-elements-readmore-btn\">En savoir plus<\/a><\/div>\n                                <\/div><div class=\"eael-entry-header-after style-two\"><div class=\"eael-entry-meta\"><\/div><\/div><\/div><\/div>\n        <\/div>\n    <\/article><article class=\"eael-grid-post eael-post-grid-column\" data-id=\"307\">\n        <div class=\"eael-grid-post-holder\">\n            <div class=\"eael-grid-post-holder-inner\"><div class=\"eael-entry-media\"><div class=\"eael-entry-overlay fade-in\"><i class=\"\" aria-hidden=\"true\"><\/i><a href=\"https:\/\/moncarrebois.fr\/en\/entretien-des-panneaux-bois-conseils-pratiques-1\/\"><\/a><\/div><div class=\"eael-entry-thumbnail\">\n                                <img decoding=\"async\" width=\"300\" height=\"169\" src=\"https:\/\/moncarrebois.fr\/wp-content\/uploads\/2024\/05\/MES-TASSEAUX-BOISCLAIR-300x169.jpg\" class=\"attachment-medium size-medium wp-image-206\" alt=\"\" srcset=\"https:\/\/moncarrebois.fr\/wp-content\/uploads\/2024\/05\/MES-TASSEAUX-BOISCLAIR-300x169.jpg 300w, https:\/\/moncarrebois.fr\/wp-content\/uploads\/2024\/05\/MES-TASSEAUX-BOISCLAIR-scaled-600x338.jpg 600w, https:\/\/moncarrebois.fr\/wp-content\/uploads\/2024\/05\/MES-TASSEAUX-BOISCLAIR-1024x576.jpg 1024w, https:\/\/moncarrebois.fr\/wp-content\/uploads\/2024\/05\/MES-TASSEAUX-BOISCLAIR-768x432.jpg 768w, https:\/\/moncarrebois.fr\/wp-content\/uploads\/2024\/05\/MES-TASSEAUX-BOISCLAIR-1536x864.jpg 1536w, https:\/\/moncarrebois.fr\/wp-content\/uploads\/2024\/05\/MES-TASSEAUX-BOISCLAIR-2048x1152.jpg 2048w\" sizes=\"(max-width: 300px) 100vw, 300px\" \/>\n                              <\/div>\n                      <\/div><div class=\"eael-entry-wrapper\"><header class=\"eael-entry-header\"><h2 class=\"eael-entry-title\"><a\n                                    class=\"eael-grid-post-link\"\n                                    href=\"https:\/\/moncarrebois.fr\/en\/entretien-des-panneaux-bois-conseils-pratiques-1\/\"\n                                    title=\"Entretien des Panneaux Bois : Conseils Pratiques &#8211; (1)\">Entretien des Panneaux Bois : Conseils Pratiques &#8211; (1)<\/a><\/h2><\/header><div class=\"eael-entry-content\">\n                                    <div class=\"eael-grid-post-excerpt\"><p>Lorem ipsum dolor sit amet, consectetur adipiscing elit. Proin augue...<\/p><a\n                                        href=\"https:\/\/moncarrebois.fr\/en\/entretien-des-panneaux-bois-conseils-pratiques-1\/\"\n                                        class=\"eael-post-elements-readmore-btn\">En savoir plus<\/a><\/div>\n                                <\/div><div class=\"eael-entry-header-after style-two\"><div class=\"eael-entry-meta\"><\/div><\/div><\/div><\/div>\n        <\/div>\n    <\/article><article class=\"eael-grid-post eael-post-grid-column\" data-id=\"305\">\n        <div class=\"eael-grid-post-holder\">\n            <div class=\"eael-grid-post-holder-inner\"><div class=\"eael-entry-media\"><div class=\"eael-entry-overlay fade-in\"><i class=\"\" aria-hidden=\"true\"><\/i><a href=\"https:\/\/moncarrebois.fr\/en\/entretien-des-panneaux-bois-conseils-pratiques\/\"><\/a><\/div><div class=\"eael-entry-thumbnail\">\n                                <img decoding=\"async\" width=\"300\" height=\"169\" src=\"https:\/\/moncarrebois.fr\/wp-content\/uploads\/2024\/05\/MES-WENGA-300x169.jpg\" class=\"attachment-medium size-medium wp-image-357\" alt=\"\" srcset=\"https:\/\/moncarrebois.fr\/wp-content\/uploads\/2024\/05\/MES-WENGA-300x169.jpg 300w, https:\/\/moncarrebois.fr\/wp-content\/uploads\/2024\/05\/MES-WENGA-scaled-600x338.jpg 600w, https:\/\/moncarrebois.fr\/wp-content\/uploads\/2024\/05\/MES-WENGA-1024x577.jpg 1024w, https:\/\/moncarrebois.fr\/wp-content\/uploads\/2024\/05\/MES-WENGA-768x433.jpg 768w, https:\/\/moncarrebois.fr\/wp-content\/uploads\/2024\/05\/MES-WENGA-1536x865.jpg 1536w, https:\/\/moncarrebois.fr\/wp-content\/uploads\/2024\/05\/MES-WENGA-2048x1154.jpg 2048w\" sizes=\"(max-width: 300px) 100vw, 300px\" \/>\n                              <\/div>\n                      <\/div><div class=\"eael-entry-wrapper\"><header class=\"eael-entry-header\"><h2 class=\"eael-entry-title\"><a\n                                    class=\"eael-grid-post-link\"\n                                    href=\"https:\/\/moncarrebois.fr\/en\/entretien-des-panneaux-bois-conseils-pratiques\/\"\n                                    title=\"Entretien des Panneaux Bois : Conseils Pratiques\">Entretien des Panneaux Bois : Conseils Pratiques<\/a><\/h2><\/header><div class=\"eael-entry-content\">\n                                    <div class=\"eael-grid-post-excerpt\"><p>Lorem ipsum dolor sit amet, consectetur adipiscing elit. Proin augue...<\/p><a\n                                        href=\"https:\/\/moncarrebois.fr\/en\/entretien-des-panneaux-bois-conseils-pratiques\/\"\n                                        class=\"eael-post-elements-readmore-btn\">En savoir plus<\/a><\/div>\n                                <\/div><div class=\"eael-entry-header-after style-two\"><div class=\"eael-entry-meta\"><\/div><\/div><\/div><\/div>\n        <\/div>\n    <\/article><article class=\"eael-grid-post eael-post-grid-column\" data-id=\"303\">\n        <div class=\"eael-grid-post-holder\">\n            <div class=\"eael-grid-post-holder-inner\"><div class=\"eael-entry-media\"><div class=\"eael-entry-overlay fade-in\"><i class=\"\" aria-hidden=\"true\"><\/i><a href=\"https:\/\/moncarrebois.fr\/en\/installer-des-panneaux-bois-guide-etape-par-etape\/\"><\/a><\/div><div class=\"eael-entry-thumbnail\">\n                                <img loading=\"lazy\" decoding=\"async\" width=\"300\" height=\"200\" src=\"https:\/\/moncarrebois.fr\/wp-content\/uploads\/2024\/05\/MES-HERBE-300x200.jpg\" class=\"attachment-medium size-medium wp-image-440\" alt=\"\" srcset=\"https:\/\/moncarrebois.fr\/wp-content\/uploads\/2024\/05\/MES-HERBE-300x200.jpg 300w, https:\/\/moncarrebois.fr\/wp-content\/uploads\/2024\/05\/MES-HERBE-scaled-600x400.jpg 600w, https:\/\/moncarrebois.fr\/wp-content\/uploads\/2024\/05\/MES-HERBE-1024x683.jpg 1024w, https:\/\/moncarrebois.fr\/wp-content\/uploads\/2024\/05\/MES-HERBE-768x512.jpg 768w, https:\/\/moncarrebois.fr\/wp-content\/uploads\/2024\/05\/MES-HERBE-1536x1024.jpg 1536w, https:\/\/moncarrebois.fr\/wp-content\/uploads\/2024\/05\/MES-HERBE-2048x1365.jpg 2048w\" sizes=\"(max-width: 300px) 100vw, 300px\" \/>\n                              <\/div>\n                      <\/div><div class=\"eael-entry-wrapper\"><header class=\"eael-entry-header\"><h2 class=\"eael-entry-title\"><a\n                                    class=\"eael-grid-post-link\"\n                                    href=\"https:\/\/moncarrebois.fr\/en\/installer-des-panneaux-bois-guide-etape-par-etape\/\"\n                                    title=\"Installer des Panneaux Bois : Guide \u00c9tape par \u00c9tape\">Installer des Panneaux Bois : Guide \u00c9tape par \u00c9tape<\/a><\/h2><\/header><div class=\"eael-entry-content\">\n                                    <div class=\"eael-grid-post-excerpt\"><p>Lorem ipsum dolor sit amet, consectetur adipiscing elit. Proin augue...<\/p><a\n                                        href=\"https:\/\/moncarrebois.fr\/en\/installer-des-panneaux-bois-guide-etape-par-etape\/\"\n                                        class=\"eael-post-elements-readmore-btn\">En savoir plus<\/a><\/div>\n                                <\/div><div class=\"eael-entry-header-after style-two\"><div class=\"eael-entry-meta\"><\/div><\/div><\/div><\/div>\n        <\/div>\n    <\/article><\/div>\n            <div class=\"clearfix\"><\/div>\n        <\/div>            <div class=\"eael-load-more-button-wrap\">\n                <button class=\"eael-load-more-button\" id=\"eael-load-more-btn-8e3f367\" data-widget-id=\"8e3f367\" data-widget=\"8e3f367\" data-page-id=\"98\" data-template=\"{&quot;dir&quot;:&quot;lite&quot;,&quot;file_name&quot;:&quot;default.php&quot;,&quot;name&quot;:&quot;Post-Grid&quot;}\" data-class=\"Essential_Addons_Elementor\\Elements\\Post_Grid\" data-layout=\"masonry\" data-page=\"1\" data-args=\"orderby=date&amp;order=desc&amp;ignore_sticky_posts=1&amp;post_status=publish&amp;posts_per_page=4&amp;offset=0&amp;post_type=post\" data-max-page=\"2\">\n                    <span class=\"eael-btn-loader button__loader\"><\/span>\n                    <span class=\"eael_load_more_text\">Afficher d&#039;autres articles<\/span>\n                <\/button>\n            <\/div>\n            \t\t<\/div>\n\t\t\t\t<\/div>\n\t\t\t\t\t<\/div>\n\t\t\t\t<\/div>\n\t\t\t\t<\/div>","protected":false},"excerpt":{"rendered":"<p>Blog D\u00e9couvrez nos articles pour des id\u00e9es innovantes et des conseils pratiques. Int\u00e9grer harmonieusement les panneaux dans Votre D\u00e9cor &#8211; Copy Lorem ipsum dolor sit amet, consectetur adipiscing elit. Proin augue&#8230; En savoir plus Entretien des Panneaux Bois : Conseils Pratiques &#8211; (1) Lorem ipsum dolor sit amet, consectetur adipiscing elit. Proin augue&#8230; En savoir [&hellip;]<\/p>","protected":false},"author":1,"featured_media":0,"parent":0,"menu_order":0,"comment_status":"closed","ping_status":"closed","template":"","meta":{"_acf_changed":false,"footnotes":""},"class_list":["post-98","page","type-page","status-publish","hentry"],"acf":[],"_links":{"self":[{"href":"https:\/\/moncarrebois.fr\/en\/wp-json\/wp\/v2\/pages\/98","targetHints":{"allow":["GET"]}}],"collection":[{"href":"https:\/\/moncarrebois.fr\/en\/wp-json\/wp\/v2\/pages"}],"about":[{"href":"https:\/\/moncarrebois.fr\/en\/wp-json\/wp\/v2\/types\/page"}],"author":[{"embeddable":true,"href":"https:\/\/moncarrebois.fr\/en\/wp-json\/wp\/v2\/users\/1"}],"replies":[{"embeddable":true,"href":"https:\/\/moncarrebois.fr\/en\/wp-json\/wp\/v2\/comments?post=98"}],"version-history":[{"count":73,"href":"https:\/\/moncarrebois.fr\/en\/wp-json\/wp\/v2\/pages\/98\/revisions"}],"predecessor-version":[{"id":3826,"href":"https:\/\/moncarrebois.fr\/en\/wp-json\/wp\/v2\/pages\/98\/revisions\/3826"}],"wp:attachment":[{"href":"https:\/\/moncarrebois.fr\/en\/wp-json\/wp\/v2\/media?parent=98"}],"curies":[{"name":"wp","href":"https:\/\/api.w.org\/{rel}","templated":true}]}}